{"id":6971,"date":"2022-02-25T16:05:04","date_gmt":"2022-02-25T13:05:04","guid":{"rendered":"https:\/\/gozdelerotomotiv.com\/bayi\/?post_type=product&#038;p=6971"},"modified":"2024-12-26T12:47:26","modified_gmt":"2024-12-26T09:47:26","slug":"fotd-t15-on-tampon-fitili","status":"publish","type":"product","link":"https:\/\/gozdelerotomotiv.com\/bayi\/urunler\/fotd-t15-on-tampon-fitili\/","title":{"rendered":"FOTD T15 \u00d6N TAMPON F\u0130T\u0130L\u0130"},"content":{"rendered":"","protected":false},"excerpt":{"rendered":"","protected":false},"featured_media":6944,"template":"","meta":[],"product_cat":[85,100],"product_tag":[],"class_list":{"0":"post-6971","1":"product","2":"type-product","3":"status-publish","4":"has-post-thumbnail","6":"product_cat-coex-kapi-fitilleri-liste","7":"product_cat-kapi-bagaj-profilleri","9":"first","10":"instock","11":"taxable","12":"shipping-taxable","13":"purchasable","14":"product-type-simple","15":"col-xs-6 col-sm-4","16":"col-md-3 col-lg-3","17":"un-4-cols"},"_links":{"self":[{"href":"https:\/\/gozdelerotomotiv.com\/bayi\/wp-json\/wp\/v2\/product\/6971","targetHints":{"allow":["GET"]}}],"collection":[{"href":"https:\/\/gozdelerotomotiv.com\/bayi\/wp-json\/wp\/v2\/product"}],"about":[{"href":"https:\/\/gozdelerotomotiv.com\/bayi\/wp-json\/wp\/v2\/types\/product"}],"wp:featuredmedia":[{"embeddable":true,"href":"https:\/\/gozdelerotomotiv.com\/bayi\/wp-json\/wp\/v2\/media\/6944"}],"wp:attachment":[{"href":"https:\/\/gozdelerotomotiv.com\/bayi\/wp-json\/wp\/v2\/media?parent=6971"}],"wp:term":[{"taxonomy":"product_cat","embeddable":true,"href":"https:\/\/gozdelerotomotiv.com\/bayi\/wp-json\/wp\/v2\/product_cat?post=6971"},{"taxonomy":"product_tag","embeddable":true,"href":"https:\/\/gozdelerotomotiv.com\/bayi\/wp-json\/wp\/v2\/product_tag?post=6971"}],"curies":[{"name":"wp","href":"https:\/\/api.w.org\/{rel}","templated":true}]}}